{"id":45654,"date":"2026-02-23T13:19:19","date_gmt":"2026-02-23T12:19:19","guid":{"rendered":"https:\/\/www.recoat.eu\/product\/facade\/"},"modified":"2026-04-16T06:47:51","modified_gmt":"2026-04-16T04:47:51","slug":"facade","status":"publish","type":"product","link":"https:\/\/www.recoat.eu\/es\/producto\/facade\/","title":{"rendered":"Fa\u00e7ade"},"content":{"rendered":"<p>Recoat Fa\u00e7ade es un revestimiento exterior mate, duradero y a base de agua que protege y prolonga la vida \u00fatil de las fachadas. Repele el agua y la suciedad, es f\u00e1cil de limpiar y transpirable, permitiendo la evacuaci\u00f3n de la humedad y evitando la penetraci\u00f3n de agua. Apto para una amplia gama de sustratos minerales, Recoat Fa\u00e7ade proporciona una protecci\u00f3n duradera contra la intemperie, la exposici\u00f3n a los rayos UV, las sales y los productos qu\u00edmicos, a la vez que reduce la necesidad de mantenimiento.<\/p>\n<ul>\n<li>Protecci\u00f3n duradera<\/li>\n<li> Repelente al agua y transpirable.<\/li>\n<li> Durable y de bajo mantenimiento.<\/li>\n<li> Fuerte y resistente al desgaste<\/li>\n<li> Tambi\u00e9n disponible en color<\/li>\n<\/ul>\n","protected":false},"excerpt":{"rendered":"<ul>\n<li>Protecci\u00f3n duradera<\/li>\n<li> Repelente al agua y transpirable.<\/li>\n<li> Durable y de bajo mantenimiento.<\/li>\n<li> Fuerte y resistente al desgaste<\/li>\n<li> Tambi\u00e9n disponible en color<\/li>\n<\/ul>\n","protected":false},"featured_media":45649,"template":"","meta":{"_acf_changed":false},"product_brand":[],"product_cat":[396],"product_tag":[],"class_list":{"0":"post-45654","1":"product","2":"type-product","3":"status-publish","4":"has-post-thumbnail","6":"product_cat-soluciones-para-muros-y-fachadas-es","8":"first","9":"instock","10":"product-type-grouped"},"acf":[],"yoast_head":"<!-- This site is optimized with the Yoast SEO plugin v26.9 - https:\/\/yoast.com\/product\/yoast-seo-wordpress\/ -->\n<title>Fa\u00e7ade - Recoat<\/title>\n<meta name=\"description\" content=\"Recoat Fa\u00e7ade es un revestimiento exterior mate, duradero y a base de agua que protege y prolonga la vida \u00fatil de las fachadas. Repele el agua y la suciedad, es f\u00e1cil de limpiar y transpirable, permitiendo la evacuaci\u00f3n de la humedad y evitando la penetraci\u00f3n de agua. Apto para una amplia gama de sustratos minerales, Recoat Fa\u00e7ade proporciona una protecci\u00f3n duradera contra la intemperie, la exposici\u00f3n a los rayos UV, las sales y los productos qu\u00edmicos, a la vez que reduce la necesidad de mantenimiento.\" \/>\n<meta name=\"robots\" content=\"index, follow, max-snippet:-1, max-image-preview:large, max-video-preview:-1\" \/>\n<link rel=\"canonical\" href=\"https:\/\/www.recoat.eu\/es\/producto\/facade\/\" \/>\n<meta property=\"og:locale\" content=\"es_ES\" \/>\n<meta property=\"og:type\" content=\"article\" \/>\n<meta property=\"og:title\" content=\"Fa\u00e7ade - Recoat\" \/>\n<meta property=\"og:description\" content=\"Recoat Fa\u00e7ade es un revestimiento exterior mate, duradero y a base de agua que protege y prolonga la vida \u00fatil de las fachadas. Repele el agua y la suciedad, es f\u00e1cil de limpiar y transpirable, permitiendo la evacuaci\u00f3n de la humedad y evitando la penetraci\u00f3n de agua. Apto para una amplia gama de sustratos minerales, Recoat Fa\u00e7ade proporciona una protecci\u00f3n duradera contra la intemperie, la exposici\u00f3n a los rayos UV, las sales y los productos qu\u00edmicos, a la vez que reduce la necesidad de mantenimiento.\" \/>\n<meta property=\"og:url\" content=\"https:\/\/www.recoat.eu\/es\/producto\/facade\/\" \/>\n<meta property=\"og:site_name\" content=\"Recoat\" \/>\n<meta property=\"article:modified_time\" content=\"2026-04-16T04:47:51+00:00\" \/>\n<meta property=\"og:image\" content=\"https:\/\/www.recoat.eu\/wp-content\/uploads\/2026\/02\/images_en_Facade_facade_vf659.png\" \/>\n\t<meta property=\"og:image:width\" content=\"1000\" \/>\n\t<meta property=\"og:image:height\" content=\"1000\" \/>\n\t<meta property=\"og:image:type\" content=\"image\/png\" \/>\n<meta name=\"twitter:card\" content=\"summary_large_image\" \/>\n<meta name=\"twitter:label1\" content=\"Tiempo de lectura\" \/>\n\t<meta name=\"twitter:data1\" content=\"1 minuto\" \/>\n<script type=\"application\/ld+json\" class=\"yoast-schema-graph\">{\"@context\":\"https:\/\/schema.org\",\"@graph\":[{\"@type\":\"WebPage\",\"@id\":\"https:\/\/www.recoat.eu\/es\/producto\/facade\/\",\"url\":\"https:\/\/www.recoat.eu\/es\/producto\/facade\/\",\"name\":\"Fa\u00e7ade - Recoat\",\"isPartOf\":{\"@id\":\"https:\/\/www.recoat.eu\/es\/#website\"},\"primaryImageOfPage\":{\"@id\":\"https:\/\/www.recoat.eu\/es\/producto\/facade\/#primaryimage\"},\"image\":{\"@id\":\"https:\/\/www.recoat.eu\/es\/producto\/facade\/#primaryimage\"},\"thumbnailUrl\":\"https:\/\/www.recoat.eu\/wp-content\/uploads\/2026\/02\/images_en_Facade_facade_vf659.png\",\"datePublished\":\"2026-02-23T12:19:19+00:00\",\"dateModified\":\"2026-04-16T04:47:51+00:00\",\"description\":\"Recoat Fa\u00e7ade es un revestimiento exterior mate, duradero y a base de agua que protege y prolonga la vida \u00fatil de las fachadas. Repele el agua y la suciedad, es f\u00e1cil de limpiar y transpirable, permitiendo la evacuaci\u00f3n de la humedad y evitando la penetraci\u00f3n de agua. Apto para una amplia gama de sustratos minerales, Recoat Fa\u00e7ade proporciona una protecci\u00f3n duradera contra la intemperie, la exposici\u00f3n a los rayos UV, las sales y los productos qu\u00edmicos, a la vez que reduce la necesidad de mantenimiento.\",\"breadcrumb\":{\"@id\":\"https:\/\/www.recoat.eu\/es\/producto\/facade\/#breadcrumb\"},\"inLanguage\":\"es\",\"potentialAction\":[{\"@type\":\"ReadAction\",\"target\":[\"https:\/\/www.recoat.eu\/es\/producto\/facade\/\"]}]},{\"@type\":\"ImageObject\",\"inLanguage\":\"es\",\"@id\":\"https:\/\/www.recoat.eu\/es\/producto\/facade\/#primaryimage\",\"url\":\"https:\/\/www.recoat.eu\/wp-content\/uploads\/2026\/02\/images_en_Facade_facade_vf659.png\",\"contentUrl\":\"https:\/\/www.recoat.eu\/wp-content\/uploads\/2026\/02\/images_en_Facade_facade_vf659.png\",\"width\":1000,\"height\":1000},{\"@type\":\"BreadcrumbList\",\"@id\":\"https:\/\/www.recoat.eu\/es\/producto\/facade\/#breadcrumb\",\"itemListElement\":[{\"@type\":\"ListItem\",\"position\":1,\"name\":\"Home\",\"item\":\"https:\/\/www.recoat.eu\/es\/home\/\"},{\"@type\":\"ListItem\",\"position\":2,\"name\":\"Productos\",\"item\":\"https:\/\/www.recoat.eu\/es\/shop\/\"},{\"@type\":\"ListItem\",\"position\":3,\"name\":\"Fa\u00e7ade\"}]},{\"@type\":\"WebSite\",\"@id\":\"https:\/\/www.recoat.eu\/es\/#website\",\"url\":\"https:\/\/www.recoat.eu\/es\/\",\"name\":\"Recoat\",\"description\":\"Recoat BV producer of different coatings, see our coatings here!\",\"publisher\":{\"@id\":\"https:\/\/www.recoat.eu\/es\/#organization\"},\"potentialAction\":[{\"@type\":\"SearchAction\",\"target\":{\"@type\":\"EntryPoint\",\"urlTemplate\":\"https:\/\/www.recoat.eu\/es\/?s={search_term_string}\"},\"query-input\":{\"@type\":\"PropertyValueSpecification\",\"valueRequired\":true,\"valueName\":\"search_term_string\"}}],\"inLanguage\":\"es\"},{\"@type\":\"Organization\",\"@id\":\"https:\/\/www.recoat.eu\/es\/#organization\",\"name\":\"Recoat\",\"url\":\"https:\/\/www.recoat.eu\/es\/\",\"logo\":{\"@type\":\"ImageObject\",\"inLanguage\":\"es\",\"@id\":\"https:\/\/www.recoat.eu\/es\/#\/schema\/logo\/image\/\",\"url\":\"https:\/\/www.recoat.eu\/wp-content\/uploads\/2024\/07\/Recoat-logo.png\",\"contentUrl\":\"https:\/\/www.recoat.eu\/wp-content\/uploads\/2024\/07\/Recoat-logo.png\",\"width\":100,\"height\":90,\"caption\":\"Recoat\"},\"image\":{\"@id\":\"https:\/\/www.recoat.eu\/es\/#\/schema\/logo\/image\/\"}}]}<\/script>\n<!-- \/ Yoast SEO plugin. -->","yoast_head_json":{"title":"Fa\u00e7ade - Recoat","description":"Recoat Fa\u00e7ade es un revestimiento exterior mate, duradero y a base de agua que protege y prolonga la vida \u00fatil de las fachadas. Repele el agua y la suciedad, es f\u00e1cil de limpiar y transpirable, permitiendo la evacuaci\u00f3n de la humedad y evitando la penetraci\u00f3n de agua. Apto para una amplia gama de sustratos minerales, Recoat Fa\u00e7ade proporciona una protecci\u00f3n duradera contra la intemperie, la exposici\u00f3n a los rayos UV, las sales y los productos qu\u00edmicos, a la vez que reduce la necesidad de mantenimiento.","robots":{"index":"index","follow":"follow","max-snippet":"max-snippet:-1","max-image-preview":"max-image-preview:large","max-video-preview":"max-video-preview:-1"},"canonical":"https:\/\/www.recoat.eu\/es\/producto\/facade\/","og_locale":"es_ES","og_type":"article","og_title":"Fa\u00e7ade - Recoat","og_description":"Recoat Fa\u00e7ade es un revestimiento exterior mate, duradero y a base de agua que protege y prolonga la vida \u00fatil de las fachadas. Repele el agua y la suciedad, es f\u00e1cil de limpiar y transpirable, permitiendo la evacuaci\u00f3n de la humedad y evitando la penetraci\u00f3n de agua. Apto para una amplia gama de sustratos minerales, Recoat Fa\u00e7ade proporciona una protecci\u00f3n duradera contra la intemperie, la exposici\u00f3n a los rayos UV, las sales y los productos qu\u00edmicos, a la vez que reduce la necesidad de mantenimiento.","og_url":"https:\/\/www.recoat.eu\/es\/producto\/facade\/","og_site_name":"Recoat","article_modified_time":"2026-04-16T04:47:51+00:00","og_image":[{"width":1000,"height":1000,"url":"https:\/\/www.recoat.eu\/wp-content\/uploads\/2026\/02\/images_en_Facade_facade_vf659.png","type":"image\/png"}],"twitter_card":"summary_large_image","twitter_misc":{"Tiempo de lectura":"1 minuto"},"schema":{"@context":"https:\/\/schema.org","@graph":[{"@type":"WebPage","@id":"https:\/\/www.recoat.eu\/es\/producto\/facade\/","url":"https:\/\/www.recoat.eu\/es\/producto\/facade\/","name":"Fa\u00e7ade - Recoat","isPartOf":{"@id":"https:\/\/www.recoat.eu\/es\/#website"},"primaryImageOfPage":{"@id":"https:\/\/www.recoat.eu\/es\/producto\/facade\/#primaryimage"},"image":{"@id":"https:\/\/www.recoat.eu\/es\/producto\/facade\/#primaryimage"},"thumbnailUrl":"https:\/\/www.recoat.eu\/wp-content\/uploads\/2026\/02\/images_en_Facade_facade_vf659.png","datePublished":"2026-02-23T12:19:19+00:00","dateModified":"2026-04-16T04:47:51+00:00","description":"Recoat Fa\u00e7ade es un revestimiento exterior mate, duradero y a base de agua que protege y prolonga la vida \u00fatil de las fachadas. Repele el agua y la suciedad, es f\u00e1cil de limpiar y transpirable, permitiendo la evacuaci\u00f3n de la humedad y evitando la penetraci\u00f3n de agua. Apto para una amplia gama de sustratos minerales, Recoat Fa\u00e7ade proporciona una protecci\u00f3n duradera contra la intemperie, la exposici\u00f3n a los rayos UV, las sales y los productos qu\u00edmicos, a la vez que reduce la necesidad de mantenimiento.","breadcrumb":{"@id":"https:\/\/www.recoat.eu\/es\/producto\/facade\/#breadcrumb"},"inLanguage":"es","potentialAction":[{"@type":"ReadAction","target":["https:\/\/www.recoat.eu\/es\/producto\/facade\/"]}]},{"@type":"ImageObject","inLanguage":"es","@id":"https:\/\/www.recoat.eu\/es\/producto\/facade\/#primaryimage","url":"https:\/\/www.recoat.eu\/wp-content\/uploads\/2026\/02\/images_en_Facade_facade_vf659.png","contentUrl":"https:\/\/www.recoat.eu\/wp-content\/uploads\/2026\/02\/images_en_Facade_facade_vf659.png","width":1000,"height":1000},{"@type":"BreadcrumbList","@id":"https:\/\/www.recoat.eu\/es\/producto\/facade\/#breadcrumb","itemListElement":[{"@type":"ListItem","position":1,"name":"Home","item":"https:\/\/www.recoat.eu\/es\/home\/"},{"@type":"ListItem","position":2,"name":"Productos","item":"https:\/\/www.recoat.eu\/es\/shop\/"},{"@type":"ListItem","position":3,"name":"Fa\u00e7ade"}]},{"@type":"WebSite","@id":"https:\/\/www.recoat.eu\/es\/#website","url":"https:\/\/www.recoat.eu\/es\/","name":"Recoat","description":"Recoat BV producer of different coatings, see our coatings here!","publisher":{"@id":"https:\/\/www.recoat.eu\/es\/#organization"},"potentialAction":[{"@type":"SearchAction","target":{"@type":"EntryPoint","urlTemplate":"https:\/\/www.recoat.eu\/es\/?s={search_term_string}"},"query-input":{"@type":"PropertyValueSpecification","valueRequired":true,"valueName":"search_term_string"}}],"inLanguage":"es"},{"@type":"Organization","@id":"https:\/\/www.recoat.eu\/es\/#organization","name":"Recoat","url":"https:\/\/www.recoat.eu\/es\/","logo":{"@type":"ImageObject","inLanguage":"es","@id":"https:\/\/www.recoat.eu\/es\/#\/schema\/logo\/image\/","url":"https:\/\/www.recoat.eu\/wp-content\/uploads\/2024\/07\/Recoat-logo.png","contentUrl":"https:\/\/www.recoat.eu\/wp-content\/uploads\/2024\/07\/Recoat-logo.png","width":100,"height":90,"caption":"Recoat"},"image":{"@id":"https:\/\/www.recoat.eu\/es\/#\/schema\/logo\/image\/"}}]}},"_links":{"self":[{"href":"https:\/\/www.recoat.eu\/es\/wp-json\/wp\/v2\/product\/45654","targetHints":{"allow":["GET"]}}],"collection":[{"href":"https:\/\/www.recoat.eu\/es\/wp-json\/wp\/v2\/product"}],"about":[{"href":"https:\/\/www.recoat.eu\/es\/wp-json\/wp\/v2\/types\/product"}],"version-history":[{"count":0,"href":"https:\/\/www.recoat.eu\/es\/wp-json\/wp\/v2\/product\/45654\/revisions"}],"wp:featuredmedia":[{"embeddable":true,"href":"https:\/\/www.recoat.eu\/es\/wp-json\/wp\/v2\/media\/45649"}],"wp:attachment":[{"href":"https:\/\/www.recoat.eu\/es\/wp-json\/wp\/v2\/media?parent=45654"}],"wp:term":[{"taxonomy":"product_brand","embeddable":true,"href":"https:\/\/www.recoat.eu\/es\/wp-json\/wp\/v2\/product_brand?post=45654"},{"taxonomy":"product_cat","embeddable":true,"href":"https:\/\/www.recoat.eu\/es\/wp-json\/wp\/v2\/product_cat?post=45654"},{"taxonomy":"product_tag","embeddable":true,"href":"https:\/\/www.recoat.eu\/es\/wp-json\/wp\/v2\/product_tag?post=45654"}],"curies":[{"name":"wp","href":"https:\/\/api.w.org\/{rel}","templated":true}]}}